
{"id":40,"date":"2018-09-22T18:51:35","date_gmt":"2018-09-22T16:51:35","guid":{"rendered":"https:\/\/www.doktor-mayer.at\/page\/?page_id=40"},"modified":"2018-09-30T18:48:59","modified_gmt":"2018-09-30T16:48:59","slug":"leistungen","status":"publish","type":"page","link":"https:\/\/www.doktor-mayer.at\/page\/?page_id=40","title":{"rendered":"Leistungen"},"content":{"rendered":"\t\t<div data-elementor-type=\"wp-post\" data-elementor-id=\"40\" class=\"elementor elementor-40 elementor-bc-flex-widget\">\n\t\t\t\t\t\t<section class=\"elementor-section elementor-top-section elementor-element elementor-element-501d8b9 elementor-section-boxed elementor-section-height-default elementor-section-height-default\" data-id=\"501d8b9\" data-element_type=\"section\" data-e-type=\"section\">\n\t\t\t\t\t\t<div class=\"elementor-container elementor-column-gap-default\">\n\t\t\t\t\t<div class=\"elementor-column elementor-col-100 elementor-top-column elementor-element elementor-element-5e97dafa\" data-id=\"5e97dafa\" data-element_type=\"column\" data-e-type=\"column\">\n\t\t\t<div class=\"elementor-widget-wrap elementor-element-populated\">\n\t\t\t\t\t\t<div class=\"elementor-element elementor-element-39194f20 elementor-widget elementor-widget-text-editor\" data-id=\"39194f20\" data-element_type=\"widget\" data-e-type=\"widget\" data-widget_type=\"text-editor.default\">\n\t\t\t\t<div class=\"elementor-widget-container\">\n\t\t\t\t\t\t\t\t\t<p>Als Facharzt f\u00fcr Orthop\u00e4die und orthop\u00e4dische Chirurgie biete ich Ihnen professionelle Betreuung bei Vorsorge und Behandlung von<br \/>Erkrankungen des Bewegungs- und St\u00fctz\u00adap\u00adpa\u00adrates.<\/p><p>Nicht jedes Leiden muss unbedingt operiert werden!<\/p><p>Orthop\u00e4disches Leistungsspektrum<\/p>\t\t\t\t\t\t\t\t<\/div>\n\t\t\t\t<\/div>\n\t\t\t\t\t<\/div>\n\t\t<\/div>\n\t\t\t\t\t<\/div>\n\t\t<\/section>\n\t\t\t\t<section class=\"elementor-section elementor-top-section elementor-element elementor-element-deef657 elementor-section-boxed elementor-section-height-default elementor-section-height-default\" data-id=\"deef657\" data-element_type=\"section\" data-e-type=\"section\">\n\t\t\t\t\t\t<div class=\"elementor-container elementor-column-gap-default\">\n\t\t\t\t\t<div class=\"elementor-column elementor-col-50 elementor-top-column elementor-element elementor-element-38c1b53\" data-id=\"38c1b53\" data-element_type=\"column\" data-e-type=\"column\">\n\t\t\t<div class=\"elementor-widget-wrap elementor-element-populated\">\n\t\t\t\t\t\t<div class=\"elementor-element elementor-element-09ec523 elementor-widget elementor-widget-text-editor\" data-id=\"09ec523\" data-element_type=\"widget\" data-e-type=\"widget\" data-widget_type=\"text-editor.default\">\n\t\t\t\t<div class=\"elementor-widget-container\">\n\t\t\t\t\t\t\t\t\t<ul><li>Orthop\u00e4dische Kinderheilkunde<\/li><li>Wirbels\u00e4ulen Verkr\u00fcmmung (Skoliose, Rundr\u00fccken, &#8230;)<\/li><li>Gelenksschmerzen durch Arthrose oder Verletzung<\/li><li>Fussfehlstellungen<\/li><li>Sportverletzungen<\/li><li>Sportberatung bei Leistungssport<\/li><li>Arthrosetherapie, Infiltrationen, Hyalurons\u00e4ure<\/li><li>Prothesenvesorgung: H\u00fcfte, Knie, Schulter, &#8230;<\/li><li>Knochenstoffwechsel- osteoporose<\/li><li>Chronische Schmerzen der Wirbels\u00e4ule und Gelenke<\/li><li>Train with your Doc<\/li><li>Betreuung und Operation nach Sportverletzungen:<br \/><ul><li>Meniskusriss, Kreuzbandriss<\/li><li>Knie- Schulterverletzungen<\/li><li>Ausrenkung<\/li><li>Sehnenriss<\/li><li>Sprunggelenk<\/li><li>B\u00e4nderriss<\/li><li>Verstauchung<\/li><\/ul><\/li><\/ul>\t\t\t\t\t\t\t\t<\/div>\n\t\t\t\t<\/div>\n\t\t\t\t\t<\/div>\n\t\t<\/div>\n\t\t\t\t<div class=\"elementor-column elementor-col-50 elementor-top-column elementor-element elementor-element-3c4f5f1\" data-id=\"3c4f5f1\" data-element_type=\"column\" data-e-type=\"column\">\n\t\t\t<div class=\"elementor-widget-wrap elementor-element-populated\">\n\t\t\t\t\t\t<div class=\"elementor-element elementor-element-7008302 wefixit-img-border-radius elementor-widget elementor-widget-image\" data-id=\"7008302\" data-element_type=\"widget\" data-e-type=\"widget\" data-widget_type=\"image.default\">\n\t\t\t\t<div class=\"elementor-widget-container\">\n\t\t\t\t\t\t\t\t\t\t\t\t\t\t\t<img fetchpriority=\"high\" decoding=\"async\" width=\"480\" height=\"600\" src=\"https:\/\/www.doktor-mayer.at\/page\/wp-content\/uploads\/2018\/09\/leistungen_original_w600.jpg\" class=\"attachment-large size-large wp-image-104\" alt=\"\" srcset=\"https:\/\/www.doktor-mayer.at\/page\/wp-content\/uploads\/2018\/09\/leistungen_original_w600.jpg 480w, https:\/\/www.doktor-mayer.at\/page\/wp-content\/uploads\/2018\/09\/leistungen_original_w600-240x300.jpg 240w\" sizes=\"(max-width: 480px) 100vw, 480px\" \/>\t\t\t\t\t\t\t\t\t\t\t\t\t\t\t<\/div>\n\t\t\t\t<\/div>\n\t\t\t\t\t<\/div>\n\t\t<\/div>\n\t\t\t\t\t<\/div>\n\t\t<\/section>\n\t\t\t\t<\/div>\n\t\t","protected":false},"excerpt":{"rendered":"<p>Als Facharzt f\u00fcr Orthop\u00e4die und orthop\u00e4dische Chirurgie biete ich Ihnen professionelle Betreuung bei Vorsorge und Behandlung vonErkrankungen des Bewegungs- und St\u00fctz\u00adap\u00adpa\u00adrates. Nicht jedes Leiden muss unbedingt operiert werden! Orthop\u00e4disches Leistungsspektrum Orthop\u00e4dische Kinderheilkunde Wirbels\u00e4ulen Verkr\u00fcmmung (Skoliose, Rundr\u00fccken, &#8230;) Gelenksschmerzen durch Arthrose oder Verletzung Fussfehlstellungen Sportverletzungen Sportberatung bei Leistungssport Arthrosetherapie, Infiltrationen, Hyalurons\u00e4ure Prothesenvesorgung: H\u00fcfte, Knie, Schulter, &#8230; Knochenstoffwechsel- osteoporose Chronische Schmerzen der Wirbels\u00e4ule und Gelenke Train with your Doc Betreuung und Operation nach Sportverletzungen: Meniskusriss, Kreuzbandriss Knie- Schulterverletzungen Ausrenkung Sehnenriss Sprunggelenk B\u00e4nderriss Verstauchung<\/p>\n","protected":false},"author":1,"featured_media":0,"parent":0,"menu_order":0,"comment_status":"closed","ping_status":"closed","template":"","meta":{"footnotes":""},"class_list":["post-40","page","type-page","status-publish","hentry"],"_links":{"self":[{"href":"https:\/\/www.doktor-mayer.at\/page\/index.php?rest_route=\/wp\/v2\/pages\/40","targetHints":{"allow":["GET"]}}],"collection":[{"href":"https:\/\/www.doktor-mayer.at\/page\/index.php?rest_route=\/wp\/v2\/pages"}],"about":[{"href":"https:\/\/www.doktor-mayer.at\/page\/index.php?rest_route=\/wp\/v2\/types\/page"}],"author":[{"embeddable":true,"href":"https:\/\/www.doktor-mayer.at\/page\/index.php?rest_route=\/wp\/v2\/users\/1"}],"replies":[{"embeddable":true,"href":"https:\/\/www.doktor-mayer.at\/page\/index.php?rest_route=%2Fwp%2Fv2%2Fcomments&post=40"}],"version-history":[{"count":5,"href":"https:\/\/www.doktor-mayer.at\/page\/index.php?rest_route=\/wp\/v2\/pages\/40\/revisions"}],"predecessor-version":[{"id":122,"href":"https:\/\/www.doktor-mayer.at\/page\/index.php?rest_route=\/wp\/v2\/pages\/40\/revisions\/122"}],"wp:attachment":[{"href":"https:\/\/www.doktor-mayer.at\/page\/index.php?rest_route=%2Fwp%2Fv2%2Fmedia&parent=40"}],"curies":[{"name":"wp","href":"https:\/\/api.w.org\/{rel}","templated":true}]}}